{"id":11100,"date":"2012-06-18T17:14:29","date_gmt":"2012-06-18T15:14:29","guid":{"rendered":"http:\/\/www.dottobi.de\/blog\/?page_id=11100"},"modified":"2018-07-28T19:52:37","modified_gmt":"2018-07-28T17:52:37","slug":"laptop-upgrade-acer-8943g","status":"publish","type":"page","link":"https:\/\/blog.dottobi.de\/?page_id=11100","title":{"rendered":"Laptop-Upgrade Acer 8943G"},"content":{"rendered":"<p>OK, der Titel &#8222;<em>bereit f\u00fcr Windows 8<\/em>&#8220; ist etwas \u00fcberspitzt weil verfr\u00fcht. Aber ich will damit sagen, dass das ca. 2 Jahre alte Laptop <strong>Aspire 8943G<\/strong> aus dem Hause <strong>Acer<\/strong> (Typ 8943G-724G1TBn) noch nicht zum alten Eisen geh\u00f6rt (<a href=\"http:\/\/www.notebookcheck.com\/Test-Acer-Aspire-8943G-Notebook.30546.0.html\" target=\"_blank\" rel=\"noopener noreferrer\">Review 2010<\/a>). Mit Windows 7 nicht, und von Windows 8 erwarte ich sowieso, dass jedes System, das heute Windows 7 fl\u00fcssig abliefert, weiterhin fl\u00fcssig l\u00e4uft ! (Windows 8 erscheint gegen Jahresende 2012)<\/p>\n<div>\n<dl id=\"attachment_9767\">\n<dt><a href=\"https:\/\/blog.dottobi.de\/wp-content\/uploads\/2012\/02\/AcerAspire8943G_01.jpg\"><img loading=\"lazy\" decoding=\"async\" title=\"AcerAspire8943G_01\" src=\"https:\/\/blog.dottobi.de\/wp-content\/uploads\/2012\/02\/AcerAspire8943G_01.jpg\" alt=\"\" width=\"360\" height=\"248\" \/><\/a><\/dt>\n<dd>Acer Aspire 8943G<\/dd>\n<\/dl>\n<\/div>\n<p>Folgende Hardware habe ich in den letzten Wochen <strong>getauscht<\/strong> bzw. erg\u00e4nzt. Das beschriebene Upgrade ist nat\u00fcrlich f\u00fcr sehr viele Laptops g\u00fcltig.<\/p>\n<p><strong>1. RAM von 4GB auf 8GB erh\u00f6ht<\/strong><\/p>\n<p><strong>2. HDD durch SSD ersetzt<\/strong><\/p>\n<p>Vorneweg : der Einbau einer SSD ist jedem Laptopbesitzer zu empfehlen. Eine SSD liefert aktuell den <em>gr\u00f6\u00dftm\u00f6glichen Leistungsschub<\/em> !<\/p>\n<p>Bisher dauerte mein Systemstart ca. 2:20min, mit der SSD ist Windows nach <strong>27 Sekunden<\/strong> komplett geladen !<\/p>\n<p>Der Windows Leistungsindex f\u00fcr die Festplatte sprang auf 7,7 (von max. 7,9 Punkten) !<\/p>\n<p>&gt;&gt;<\/p>\n<h4><strong>1. \u00a0RAM<\/strong> : Auswahl\/Kauf und Einbau<\/h4>\n<p>In meinem Fall enthielt das Ger\u00e4t 4GB RAM vom Typ DDR3-1066, CL7-7-7-20-27, 1.5V, Samsung M471B5673EH1-CF8. 2 Slots waren also belegt, 2 weitere Slots sind frei.<\/p>\n<p>Gekauft habe ich Samsung M471B5773DH0-CH9, <strong>2x 2GB<\/strong>. Lt. Samsung sind diese 1,35V-Module auch 1,5V f\u00e4hig. Dass sie DDR3-1333 \/ CL9 sind, ist nicht relevant.<\/p>\n<div>\n<dl id=\"attachment_9777\">\n<dt><a href=\"https:\/\/blog.dottobi.de\/wp-content\/uploads\/2012\/02\/DSC06660_.jpg\"><img loading=\"lazy\" decoding=\"async\" title=\"DSC06660_\" src=\"https:\/\/blog.dottobi.de\/wp-content\/uploads\/2012\/02\/DSC06660_.jpg\" alt=\"\" width=\"430\" height=\"323\" \/><\/a><\/dt>\n<dd>4 Slots \/ 2 belegt<\/dd>\n<\/dl>\n<\/div>\n<p>&gt;&gt;<\/p>\n<h4><strong>2. SSD<\/strong>\u00a0: Auswahl, Daten sichern, Windows neuinstallieren oder klonen<\/h4>\n<p>Im 8943G sind 2 Festplatten verbaut. In meinem Fall 2x 500 GB Seagate (ST9500325AS). Der Einbau einer SSD f\u00fcr den Betrieb des Betriebssystems ist also perfekt, denn die zweite Platte muss nicht anger\u00fchrt werden und kann als reiner Datenspeicher bestehen bleiben.<\/p>\n<p>Meine Kaufentscheidung fiel auf die neu erschienene SSD von Samsung : <strong>SAMSUNG SSD 830, <\/strong><strong>128GB<\/strong> in der Variante &#8222;Notebook Upgrade Kit&#8220; (<a href=\"http:\/\/geizhals.at\/de\/682613\" target=\"_blank\" rel=\"noopener noreferrer\">Preisvergleich<\/a>) (<a href=\"http:\/\/samsung.de\/de\/Privatkunden\/Buero\/SSDFestplatten\/SSD830notebookupgradekit\/mz7pc128neu\/MZ-7PC128NEU\/detail.aspx\" target=\"_blank\" rel=\"noopener noreferrer\">Hersteller<\/a>).<\/p>\n<p>Einbau &amp; Windows-Installation <img decoding=\"async\" title=\"Weiterlesen \u2026\" src=\"https:\/\/blog.dottobi.de\/wp-includes\/js\/tinymce\/plugins\/wordpress\/img\/trans.gif\" alt=\"\" \/><\/p>\n<div>\n<dl id=\"attachment_9769\">\n<dt><a href=\"https:\/\/blog.dottobi.de\/wp-content\/uploads\/2012\/02\/DSC06695_.jpg\"><img loading=\"lazy\" decoding=\"async\" title=\"DSC06695_\" src=\"https:\/\/blog.dottobi.de\/wp-content\/uploads\/2012\/02\/DSC06695_.jpg\" alt=\"\" width=\"360\" height=\"270\" \/><\/a><\/dt>\n<dd>Samsung SSD 830 (128GB)<\/dd>\n<\/dl>\n<\/div>\n<p>Die SATA3 (6Gb\/s) Schnitstelle ist abw\u00e4rtskompatibel zu SATA2. Die Nutzung dieser SSD an einer SATA2-Schnittstelle verlangsamt zwar die maximal m\u00f6gliche Geschwindigkeit, aber gegen\u00fcber der alten HDD ist die Geschwindigskeitssteigerung immer noch enorm.<\/p>\n<p>Die Festplatte hat eine Bauh\u00f6he von 7mm. Ein Plastikrahmen um die L\u00fccke zur Seagate-Festplattenh\u00f6he (9,5mm) auszugleichen, wird mitgeliefert. Ebenfalls mitgeliefert : Norton Ghost und ein USB-SATA-Adapter. Weiterhin liefert Samsung die hochgelobte Software &#8222;SSD Magician&#8220; mit.<\/p>\n<div>\n<dl id=\"attachment_9771\">\n<dt><a href=\"https:\/\/blog.dottobi.de\/wp-content\/uploads\/2012\/02\/DSC06701_.jpg\"><img loading=\"lazy\" decoding=\"async\" title=\"DSC06701_\" src=\"https:\/\/blog.dottobi.de\/wp-content\/uploads\/2012\/02\/DSC06701_.jpg\" alt=\"\" width=\"430\" height=\"323\" \/><\/a><\/dt>\n<dd>SSD eingebaut<\/dd>\n<\/dl>\n<\/div>\n<p><strong>Hinweise zum Daten kopieren \/ Klonen \/ Windows neu installieren<\/strong><\/p>\n<p><strong>Achtung :<\/strong> Die Systemfestplatte enth\u00e4lt im Originalzustand von Acer mehrere Partitionen (14GB &#8222;Wiederherstellung&#8220; \/ 3,5GB &#8222;OEM&#8220; \/ 448GB &#8222;System+freier Speicherplatz&#8220;). Die Platzbelegung f\u00fcr &#8222;Wiederherstellung&#8220; und &#8222;OEM&#8220; sollten f\u00fcr die Gr\u00f6\u00dfe der neu gekauften SSD ber\u00fccksichtigt werden.<\/p>\n<p><strong>Klonen :<\/strong> Wer sein bestehendes System von der alten HDD auf die neue SSD 1:1 kopieren will, sollte ein Klonwerkzeug verwenden. z.B. Norton Ghost oder Clonezilla. Achtung : Samsung weist darauf hin, dass Norton Ghost die o.g. Partitionen f\u00fcr Wiederherstellung und OEM nicht klonen kann ! Das Klonen &#8222;nach Samsung-Art&#8220; w\u00fcrde also nur die Windows-Partition mitnehmen. Was aber nicht weiter tragisch ist, denn man wirft ja die ausgebaute HDD nicht weg.<\/p>\n<p>Nachdem ich gelesen hatte, dass Norton Ghost die erw\u00e4hnten Partitionen nicht kopieren w\u00fcrde, habe ich mich f\u00fcr eine <strong>frische Win7-Installation<\/strong> (Home Premium 64bit) entschieden.<\/p>\n<p>Wer sich f\u00fcr diese Variante f\u00fcr sein System entscheidet, sollte beim Hersteller schauen, ob <strong>alle Ger\u00e4tetreiber<\/strong> angeboten werden. Acer bietet f\u00fcr das 8943G alle Treiber in Einzelpaketen zum Download an (<a href=\"http:\/\/www.acer.de\/ac\/de\/DE\/content\/drivers\" target=\"_blank\" rel=\"noopener noreferrer\">acer.de\/support<\/a>)<\/p>\n<p>Die Windows-Installation (inklusive aller n\u00f6tigen Windows-Updates) lief rasend schnell. Der Flaschenhals war in diesem Fall die Lesegeschwindigkeit auf der DVD. Wer also noch schneller installieren m\u00f6chte, sollte seine InstallationsDVD auf einen schnellen USB-Stick verfrachten (-&gt; Win7 USB DVD Tool). Die Windows 7 DVD-Images (ISO) kann man offiziell bei Microsoft herunterladen.<\/p>\n<p>Von den 128 GB der SSD habe ich noch sehr viele Gigabyte frei. Bisher befindet sich auf der SSD nur das Windows und alle Programme. Sollte ich weitere Daten f\u00fcr schnellen Zugriff ben\u00f6tigen, w\u00fcrde ich diese von der zweiten HDD r\u00fcberkopieren.<\/p>\n<p>Mit der erw\u00e4hnten Samsung-SSD-Software sollten folgende Windows-Einstellungen ge\u00e4ndert werden (allgemeing\u00fcltig f\u00fcr SSDs !) :<\/p>\n<ul>\n<li><strong>Windows SuperFetch deaktivieren ! <\/strong>(<a href=\"http:\/\/www.w7o.de\/performance\/prefetch-superfetch-deaktivieren\/\" target=\"_blank\" rel=\"noopener noreferrer\">manuell<\/a>)<\/li>\n<li><strong>Windows autom. Defragmentierung deaktivieren !<\/strong> (<a href=\"http:\/\/www.windows-faq.de\/2010\/03\/18\/automatische-defragmentierung-bei-vista-und-windows-7-deaktivieren\/\" target=\"_blank\" rel=\"noopener noreferrer\">manuell<\/a>)<\/li>\n<li><strong>Windows ReadyBoost deaktivieren ! (sofern aktiv) <\/strong>(<a href=\"http:\/\/windows.microsoft.com\/de-DE\/windows-vista\/Turn-ReadyBoost-on-or-off-for-a-storage-device\" target=\"_blank\" rel=\"noopener noreferrer\">manuell<\/a>)<\/li>\n<li><strong>Windows Indexdienst deaktivieren !<\/strong> (<a href=\"http:\/\/www.windowspower.de\/Indexdienst-unter-Windows-Vista-deaktivieren_1058.html\" target=\"_blank\" rel=\"noopener noreferrer\">manuell<\/a>)<\/li>\n<\/ul>\n","protected":false},"excerpt":{"rendered":"<p>OK, der Titel &#8222;bereit f\u00fcr Windows 8&#8220; ist etwas \u00fcberspitzt weil verfr\u00fcht. Aber ich will damit sagen, dass das ca. 2 Jahre alte Laptop Aspire 8943G aus dem Hause Acer (Typ 8943G-724G1TBn) noch nicht zum alten Eisen geh\u00f6rt (Review 2010). Mit Windows 7 nicht, und von Windows 8 erwarte ich sowieso, dass jedes System, das [&hellip;]<\/p>\n","protected":false},"author":1,"featured_media":0,"parent":0,"menu_order":200,"comment_status":"open","ping_status":"open","template":"","meta":{"footnotes":""},"class_list":["post-11100","page","type-page","status-publish","hentry"],"_links":{"self":[{"href":"https:\/\/blog.dottobi.de\/index.php?rest_route=\/wp\/v2\/pages\/11100","targetHints":{"allow":["GET"]}}],"collection":[{"href":"https:\/\/blog.dottobi.de\/index.php?rest_route=\/wp\/v2\/pages"}],"about":[{"href":"https:\/\/blog.dottobi.de\/index.php?rest_route=\/wp\/v2\/types\/page"}],"author":[{"embeddable":true,"href":"https:\/\/blog.dottobi.de\/index.php?rest_route=\/wp\/v2\/users\/1"}],"replies":[{"embeddable":true,"href":"https:\/\/blog.dottobi.de\/index.php?rest_route=%2Fwp%2Fv2%2Fcomments&post=11100"}],"version-history":[{"count":7,"href":"https:\/\/blog.dottobi.de\/index.php?rest_route=\/wp\/v2\/pages\/11100\/revisions"}],"predecessor-version":[{"id":12759,"href":"https:\/\/blog.dottobi.de\/index.php?rest_route=\/wp\/v2\/pages\/11100\/revisions\/12759"}],"wp:attachment":[{"href":"https:\/\/blog.dottobi.de\/index.php?rest_route=%2Fwp%2Fv2%2Fmedia&parent=11100"}],"curies":[{"name":"wp","href":"https:\/\/api.w.org\/{rel}","templated":true}]}}