{"id":12174,"date":"2015-10-17T17:59:20","date_gmt":"2015-10-17T15:59:20","guid":{"rendered":"http:\/\/www.dottobi.de\/blog\/?page_id=12174"},"modified":"2016-03-20T21:49:48","modified_gmt":"2016-03-20T20:49:48","slug":"fahrtenbuch-excel","status":"publish","type":"page","link":"https:\/\/blog.dottobi.de\/?page_id=12174","title":{"rendered":"Fahrtenbuch (Excel)"},"content":{"rendered":"<p style=\"text-align: center;\"><em>xlsx-Datei wird aktuell erstellt,<\/em><\/p>\n<p style=\"text-align: center;\"><em>bitte noch etwas Geduld haben.<\/em><\/p>\n<hr \/>\n<p>Falls Ihnen diese Vorlage\u00a0<strong>gef\u00e4llt<\/strong>, w\u00fcrde ich mich \u00fcber eine <strong>Spende<\/strong> freuen (Betrag frei w\u00e4hlbar \/ Zahlungsdienstleister ist Paypal)\u00a0<!-- Begin PayPal Donations by https:\/\/www.tipsandtricks-hq.com\/paypal-donations-widgets-plugin -->\n\n<form action=\"https:\/\/www.paypal.com\/cgi-bin\/webscr\" method=\"post\" target=\"_blank\">\n    <div class=\"paypal-donations\">\n        <input type=\"hidden\" name=\"cmd\" value=\"_donations\" \/>\n        <input type=\"hidden\" name=\"bn\" value=\"TipsandTricks_SP\" \/>\n        <input type=\"hidden\" name=\"business\" value=\"TWahl.ITservice@gmail.com\" \/>\n        <input type=\"hidden\" name=\"return\" value=\"http:\/\/blog.dottobi.de\/?page_id=12487\" \/>\n        <input type=\"hidden\" name=\"item_name\" value=\"xls_Fahrtenbuch\" \/>\n        <input type=\"hidden\" name=\"item_number\" value=\"xls_Verbrauchsstatistik\" \/>\n        <input type=\"hidden\" name=\"amount\" value=\"20\" \/>\n        <input type=\"hidden\" name=\"rm\" value=\"0\" \/>\n        <input type=\"hidden\" name=\"currency_code\" value=\"EUR\" \/>\n        <input type=\"image\" style=\"cursor: pointer;\" src=\"https:\/\/www.paypalobjects.com\/de_DE\/DE\/i\/btn\/btn_donateCC_LG.gif\" name=\"submit\" alt=\"PayPal - The safer, easier way to pay online.\" \/>\n        <img loading=\"lazy\" decoding=\"async\" alt=\"\" src=\"https:\/\/www.paypalobjects.com\/en_US\/i\/scr\/pixel.gif\" width=\"1\" height=\"1\" \/>\n    <\/div>\n<\/form>\n<!-- End PayPal Donations -->\n<\/p>\n<p>&nbsp;<\/p>\n<p>&nbsp;<\/p>\n<p>&nbsp;<\/p>\n<p>&nbsp;<\/p>\n<p>&nbsp;<\/p>\n<p>&nbsp;<\/p>\n<p>&nbsp;<\/p>\n<p>&nbsp;<\/p>\n<p>&nbsp;<\/p>\n<p>&nbsp;<\/p>\n<p>.<\/p>\n","protected":false},"excerpt":{"rendered":"<p>xlsx-Datei wird aktuell erstellt, bitte noch etwas Geduld haben. Falls Ihnen diese Vorlage\u00a0gef\u00e4llt, w\u00fcrde ich mich \u00fcber eine Spende freuen (Betrag frei w\u00e4hlbar \/ Zahlungsdienstleister ist Paypal)\u00a0 &nbsp; &nbsp; &nbsp; &nbsp; &nbsp; &nbsp; &nbsp; &nbsp; &nbsp; &nbsp; .<\/p>\n","protected":false},"author":1,"featured_media":0,"parent":0,"menu_order":22,"comment_status":"open","ping_status":"open","template":"","meta":{"footnotes":""},"class_list":["post-12174","page","type-page","status-publish","hentry"],"_links":{"self":[{"href":"https:\/\/blog.dottobi.de\/index.php?rest_route=\/wp\/v2\/pages\/12174","targetHints":{"allow":["GET"]}}],"collection":[{"href":"https:\/\/blog.dottobi.de\/index.php?rest_route=\/wp\/v2\/pages"}],"about":[{"href":"https:\/\/blog.dottobi.de\/index.php?rest_route=\/wp\/v2\/types\/page"}],"author":[{"embeddable":true,"href":"https:\/\/blog.dottobi.de\/index.php?rest_route=\/wp\/v2\/users\/1"}],"replies":[{"embeddable":true,"href":"https:\/\/blog.dottobi.de\/index.php?rest_route=%2Fwp%2Fv2%2Fcomments&post=12174"}],"version-history":[{"count":6,"href":"https:\/\/blog.dottobi.de\/index.php?rest_route=\/wp\/v2\/pages\/12174\/revisions"}],"predecessor-version":[{"id":12505,"href":"https:\/\/blog.dottobi.de\/index.php?rest_route=\/wp\/v2\/pages\/12174\/revisions\/12505"}],"wp:attachment":[{"href":"https:\/\/blog.dottobi.de\/index.php?rest_route=%2Fwp%2Fv2%2Fmedia&parent=12174"}],"curies":[{"name":"wp","href":"https:\/\/api.w.org\/{rel}","templated":true}]}}