{"id":12188,"date":"2012-07-15T10:31:10","date_gmt":"2012-07-15T08:31:10","guid":{"rendered":"http:\/\/www.dottobi.de\/blog\/?page_id=12188"},"modified":"2017-06-05T08:28:12","modified_gmt":"2017-06-05T06:28:12","slug":"introvertiert","status":"publish","type":"page","link":"https:\/\/blog.dottobi.de\/?page_id=12188","title":{"rendered":"Introvertiert"},"content":{"rendered":"<p><strong>Introvertierte<\/strong>\u00a0werden oft aufgrund von \u00fcblichen Vorurteilen und Missverst\u00e4ndnissen abgestempelt. Tats\u00e4chlich ist die Basis solcher Pers\u00f6nlichkeiten sehr komplex.<\/p>\n<p>Das Folgende ist meine \u00dcbersetzung eines englischen Blog-Posts. Warum habe ich mir die M\u00fche gemacht und alles \u00fcbersetzt ? Weil es 1. sehr <strong>interessant<\/strong>, 2. <strong>wahr<\/strong> ist!<\/p>\n<p>Tipp : In einer ruhigen Minute aufmerksam durchlesen. Danke!<\/p>\n<p>(Das <em>Original<\/em> ist in englischer Sprache, hier <a href=\"http:\/\/www.carlkingdom.com\/10-myths-about-introverts\" target=\"_blank\" rel=\"noopener noreferrer\">verlinkt<\/a>. Geschrieben hat es ein Buchautor, der sich selbst als introvertiert bezeichnet.)<\/p>\n<p>Hinweis : Die W\u00f6rter &#8222;extrovertiert&#8220; und &#8222;extravertiert&#8220; sind in ihrer Bedeutung identisch. Von der lateinischen Abstammung w\u00e4re allerdings &#8222;extravertiert&#8220; das korrekte Wort.<\/p>\n<p>Sehr h\u00e4ufig anzutreffende\u00a0<strong>Eigenschaften<\/strong>\u00a0von introvertierten Menschen sind :<\/p>\n<p><em>reflektiv, intellektuell, an B\u00fcchern interessiert, unpr\u00e4tenti\u00f6s, hochsensibel, nachdenklich, ernst, kontemplativ, subtil, introspektiv, innengeleitet, freundlich, sanft, dem\u00fctig, die Einsamkeit liebend, sch\u00fcchtern, risikoscheu, d\u00fcnnh\u00e4utig.<\/em><\/p>\n<p>Ganz unten findet sich noch ein\u00a0<strong>kurzer Selbsttest<\/strong>.<\/p>\n<p style=\"text-align: center;\"><span style=\"text-decoration: underline;\"><strong>Mythen \u00fcber introvertierte Menschen<\/strong><\/span><\/p>\n<p><strong>Mythos #1 &#8211; Introvertierte m\u00f6gen nicht reden.<\/strong><\/p>\n<p>Das ist nicht wahr. Introvertierte reden lediglich solange nicht, bis sie etwas zu sagen haben.\u00a0Sie hassen Small Talk.\u00a0Bringe einen Introvertierten dazu, \u00fcber etwas zu reden, das ihn interessiert, und er wird Tage nicht mehr aufh\u00f6ren zu reden.<\/p>\n<p><strong>Mythos #2 &#8211; Introvertierte sind sch\u00fcchtern.<\/strong><\/p>\n<p>Sch\u00fcchternheit hat nichts mit dem Wesen von Introvertierten zu tun. Introvertierte haben nicht zwingend Angst vor anderen Menschen.\u00a0Was sie ben\u00f6tigen, ist ein Grund zur Interaktion. Sie interagieren nicht f\u00fcr den reinen Interaktionswillen (&#8222;auf Teufel komm raus&#8220;).\u00a0Wenn du mit einem Introvertierten reden m\u00f6chtest, dann beginne einfach zu reden. Mach dir keine Gedanken h\u00f6flich zu sein.<\/p>\n<p><strong>Mythos #3 &#8211; Introvertierte sind unh\u00f6flich\/grob.<\/strong><\/p>\n<p>Introvertierte sehen meist keinen Sinn darin, lange \u00fcber soziale H\u00f6flichkeiten herumzulavieren. Sie wollen, dass jeder echt und ehrlich ist. Leider wird solch ein Verhalten in den meisten Situationen nicht akzeptiert, weshalb sich Introvertierte sehr gro\u00dfem Anpassungsdruck ausgesetzt f\u00fchlen k\u00f6nnen. Dieser Druck wird ersch\u00f6pfend empfunden.<\/p>\n<p><strong>Mythos #4 &#8211; Introvertierte m\u00f6gen keine Menschen.<\/strong><\/p>\n<p>Im Gegenteil! Introvertierte sch\u00e4tzen die wenigen Freunde, die sie haben, sehr stark. Die Anzahl ihrer engen Freunde k\u00f6nnen sie an einer Hand abz\u00e4hlen. Wenn du das Gl\u00fcck hast, dass ein Introvertierter dich als Freund hat, wirst du wahrscheinlich lebenslang einen Verb\u00fcndeten haben. Sobald du dir den Respekt als Person mit Substanz\/Tiefgang verdient hast, bist du drin.<\/p>\n<p><strong>Mythos #5 &#8211; Introvertierte meiden die \u00d6ffentlichkeit.<\/strong><\/p>\n<p>Nonsense! Introvertierte m\u00f6gen es lediglich nicht f\u00fcr eine SO LANGE ZEIT in die \u00d6ffentlichkeit zu gehen.\u00a0Ebenso versuchen sie Komplikationen, die mit \u00f6ffentlichen Aktivit\u00e4ten einhergehen, zu vermeiden.\u00a0Sie verarbeiten Daten und Erfahrung sehr schnell, und m\u00fcssen deshalb nicht lange verweilen, um &#8222;es zu raffen&#8220;.\u00a0Sie sind dann bereit, nach hause zu gehen, aufzutanken und alles zu verarbeiten. &#8222;Auftanken&#8220; ist \u00fcbrigens absolut entscheidend f\u00fcr einen Introvertierten.<\/p>\n<p><strong>Mythos #6 &#8211; Introvertierte wollen immer alleine sein.<\/strong><\/p>\n<p>Introvertierte f\u00fchlen sich in ihrer eigenen Gedankenwelt sehr wohl. Sie denken sehr viel nach. Sie sind Tagtr\u00e4umer.\u00a0Ihnen gef\u00e4llt es, an Problemen zu arbeiten, R\u00e4tsel zu l\u00f6sen. Aber sie k\u00f6nnen sich auch sehr einsam f\u00fchlen, wenn sie mit niemandem \u00fcber ihre Entdeckungen reden k\u00f6nnen. Sie sehnen sich nach einer echten und aufrichtigen Beziehung, mit nie mehr als 1 Person zur gleichen Zeit.<\/p>\n<p><strong>Mythos #7 &#8211; Introvertierte sind schr\u00e4g.<\/strong><\/p>\n<p>Introvertierte sind meist Individualisten. Sie folgen keiner Gruppe. Sie bevorzugen es, f\u00fcr ihre originelle Lebensweise gesch\u00e4tzt zu werden. Sie denken selbst, fordern die Norm heraus. Die meisten Entscheidungen treffen sie nicht danach, ob etwas popul\u00e4r oder trendig ist.<\/p>\n<p><strong>Mythos #8 &#8211; Introvertierte sind distanzierte Au\u00dfenseiter.<\/strong><\/p>\n<p>Introvertierte sind Menschen, die in erster Linie sich selbst beobachten. Sie achten dabei sehr auf ihre Gedanken und ihre Emotionen. Das bedeutet nicht, dass sie nicht f\u00e4hig w\u00e4ren, ihrem Umfeld \u00e4hnliche Aufmerksamkeit schenken zu k\u00f6nnen.\u00a0Die eigene innere Welt wirkt einfach viel st\u00e4rker stimulierend und belohnend.<\/p>\n<p><strong>Mythos #9 &#8211; Introvertierte k\u00f6nnen nicht entspannen und Spa\u00df haben.<\/strong><\/p>\n<p>Introvertierte entspannen typischerweise zuhause oder in der Natur, aber nicht an belebten \u00f6ffentlichen Pl\u00e4tzen.\u00a0Introvertierte suchen nicht den Nervenkitzel und sind auch keine Adrenalin-Junkies.\u00a0Bei zu viel L\u00e4rm schalten sie ab. Ihr Gehirn reagiert zu sensibel auf den Neurotransmitter Dopamin.\u00a0Introvertierte und Extrovertierte haben unterschiedlich dominante Nervenbahnen, schau ins Lexikon.<\/p>\n<p><strong>Mythos #10 &#8211; Introvertierte k\u00f6nnen sich selbst heilen und extrovertiert werden.<\/strong><\/p>\n<p>Eine Welt ohne Introvertierte w\u00e4re eine Welt mit nur wenigen Wissenschaftlern, Musikern, K\u00fcnstlern, Poeten, Filmemachern, Doktoren, Mathematikern, Autoren und Philosophen. Dies gesagt, gibt es immer noch sehr viele Techniken f\u00fcr Extrovertierte den Umgang mit Introvertierten zu erlernen. (Ja, die beiden Begriff wurden hier absichtlich vertauscht, um hervorzuheben, wie voreingenommen\/parteiisch unsere Gesellschaft ist.<\/p>\n<p>Introvertierte k\u00f6nnen sich nicht &#8222;selbst heilen&#8220;, sie bed\u00fcrfen Respekt f\u00fcr ihr nat\u00fcrliches Temperament und f\u00fcr ihre Beitr\u00e4ge zur Menschheit. Eine Studie zeigte \u00fcbrigens, dass je h\u00f6her der IQ, umso wahrscheinlicher ist es, introvertiert zu sein.<\/p>\n<p>&gt;&gt;<\/p>\n<p>Das englische Original :\u00a0 <strong>&#8222;10 Myths About Introverts&#8220;<\/strong><\/p>\n<p><a href=\"http:\/\/www.carlkingdom.com\/10-myths-about-introverts\">http:\/\/www.carlkingdom.com\/10-myths-about-introverts<\/a><\/p>\n<p>&gt;&gt;<\/p>\n<p><strong>Weitere Quellen, Grafiken, Videos :<\/strong><\/p>\n<p>1. Eine weitere <a href=\"http:\/\/alex-rubenbauer.de\/persoenlichkeitsentwicklung\/810\/10-vorurteile-ueber-introvertierte\/\" target=\"_blank\" rel=\"noopener noreferrer\">Deutsch-\u00dcbersetzung<\/a><\/p>\n<p>2. Video TEDtalk von Autorin Susan Cain &#8211; <a href=\"http:\/\/www.ted.com\/talks\/lang\/en\/susan_cain_the_power_of_introverts.html\" target=\"_blank\" rel=\"noopener noreferrer\">&#8222;The Power of Introverts&#8220;<\/a> mit deutschem Untertitel !! (Es gibt keinen Zusammenhang zwischen &#8222;gut reden k\u00f6nnen&#8220; und die &#8222;besten Ideen haben&#8220; !) &#8211; Ihr\u00a0<a href=\"http:\/\/www.amazon.de\/gp\/product\/3570500845\/ref=as_li_ss_tl?ie=UTF8&amp;camp=1638&amp;creative=19454&amp;creativeASIN=3570500845&amp;linkCode=as2&amp;tag=dottobi-21\" target=\"_blank\" rel=\"noopener noreferrer\">Buch : &#8222;Still &#8211; Quiet&#8220;<\/a><\/p>\n<p>3. \u00a0&#8222;Introvertierte Pers\u00f6nlichkeiten sind gerne mit sich alleine und sch\u00f6pfen Kraft aus sich selbst. Gleichzeitig sind sie gerne in Gesellschaft und widmen gew\u00f6hnlich ihren nahen und vertrauten Menschen viel Zeit.&#8220; (<a href=\"http:\/\/silkepanzau.wordpress.com\/2012\/07\/06\/hochsensibel_schuechtern_introvertiert\/\" target=\"_blank\" rel=\"noopener noreferrer\">via<\/a>, leider gel\u00f6scht)<\/p>\n<p>4. <a href=\"https:\/\/plus.google.com\/u\/0\/114039590766519744909\/posts\/Lx7fYdreWcF\" target=\"_blank\" rel=\"noopener noreferrer\">&#8222;12 Regeln f\u00fcr den Umgang mit Introvertierten&#8220;<\/a> (englisch)<\/p>\n<p>5. (Offline) In der Ausgabe 34\/2012 greift das Magazin <a href=\"https:\/\/magazin.spiegel.de\/epaper\/start\/index.html\" target=\"_blank\" rel=\"noopener noreferrer\">&#8222;Der Spiegel&#8220;<\/a> dieses Thema auf, als Titelthema<\/p>\n<p>6. Auf &#8222;<a href=\"http:\/\/www.spiegel.tv\/filme\/introvertiert-interview-erfolgscoach\/\" target=\"_blank\" rel=\"noopener noreferrer\">Spiegel TV<\/a>&#8220; gibt es auch ein paar Beitr\u00e4ge.<\/p>\n<p>7. Ein <a href=\"http:\/\/www.derneuemann.net\/introvertierte-maenner-eigenschaften\/768\" target=\"_blank\" rel=\"noopener noreferrer\">Artikel<\/a>\u00a0von Kommentar-Schreiber Franz (s.unten, Danke!)<\/p>\n<p><strong> &gt;&gt;<\/strong><\/p>\n<p style=\"text-align: center;\"><strong> Selbsttest : Bin ich introvertiert ?<br \/>\n<\/strong>(aus dem oben verlinkten <a href=\"http:\/\/www.amazon.de\/gp\/product\/3570500845\/ref=as_li_ss_tl?ie=UTF8&amp;camp=1638&amp;creative=19454&amp;creativeASIN=3570500845&amp;linkCode=as2&amp;tag=dottobi-21\" target=\"_blank\" rel=\"noopener noreferrer\">Buch &#8222;Still&#8220;<\/a>)<\/p>\n<p>Je mehr Positionen man f\u00fcr sich als zutreffend bezeichnet, umso wahrscheinlicher ist es, dass man introvertiert ist.<\/p>\n<ul>\n<li>Ich ziehe Einzelgespr\u00e4che Gruppenaktivit\u00e4ten vor.<\/li>\n<li>Ich dr\u00fccke mich meistens lieber schriftlich aus.<\/li>\n<li>Ich bin gern allein.<\/li>\n<li>Ich interessiere mich allem Anschein nach weniger f\u00fcr Reichtum, Ruhm und Status als meine Altersgenossen.<\/li>\n<li>Ich mag Small Talk nicht, unterhalte mich aber gerne eingehend \u00fcber Themen, die mir wichtig sind.<\/li>\n<li>Die Leute sagen, ich k\u00f6nne gut zuh\u00f6ren.<\/li>\n<li>Ich bin nicht risikofreudig.<\/li>\n<li>Ich mag meine Arbeit, in die ich mich mit wenigen Unterbrechungen richtig vertiefen kann.<\/li>\n<li>Ich feiere Geburtstage gerne im kleinen Rahmen mit nur einem oder zwei guten Freunden oder Angeh\u00f6rigen.<\/li>\n<li>Man beschreibt mich als &#8222;leise&#8220; oder &#8222;sanft&#8220;.<\/li>\n<li>Ich zeige oder diskutiere meine Arbeit am liebsten erst, wenn sie fertig ist.<\/li>\n<li>Ich mag keine Konflikte.<\/li>\n<li>Ich arbeite am besten allein.<\/li>\n<li>Ich denke erst nach, bevor ich rede.<\/li>\n<li>Ich bin ersch\u00f6pft, wenn ich unter Leuten war, selbst wenn ich es genossen habe.<\/li>\n<li>Ich lasse Anrufer h\u00e4ufig auf den Anrufbeantworter sprechen.<\/li>\n<li>Wenn ich w\u00e4hlen m\u00fcsste, w\u00fcrde ich ein Wochenende, an dem ich \u00fcberhaupts nichts vorhabe, einem Wochenende mit einem zu vollen Programm vorziehen.<\/li>\n<li>Ich arbeite nicht gern an verschiedenen Dingen gleichzeitig.<\/li>\n<li>Ich kann mich gut konzentrieren.<\/li>\n<li>In Unterrichtssituationen sind mir Vorlesungen lieber als Seminare.<\/li>\n<\/ul>\n<p>&nbsp;<\/p>\n","protected":false},"excerpt":{"rendered":"<p>Introvertierte\u00a0werden oft aufgrund von \u00fcblichen Vorurteilen und Missverst\u00e4ndnissen abgestempelt. Tats\u00e4chlich ist die Basis solcher Pers\u00f6nlichkeiten sehr komplex. Das Folgende ist meine \u00dcbersetzung eines englischen Blog-Posts. Warum habe ich mir die M\u00fche gemacht und alles \u00fcbersetzt ? Weil es 1. sehr interessant, 2. wahr ist! Tipp : In einer ruhigen Minute aufmerksam durchlesen. Danke! (Das Original [&hellip;]<\/p>\n","protected":false},"author":1,"featured_media":0,"parent":0,"menu_order":300,"comment_status":"open","ping_status":"open","template":"","meta":{"footnotes":""},"class_list":["post-12188","page","type-page","status-publish","hentry"],"_links":{"self":[{"href":"https:\/\/blog.dottobi.de\/index.php?rest_route=\/wp\/v2\/pages\/12188","targetHints":{"allow":["GET"]}}],"collection":[{"href":"https:\/\/blog.dottobi.de\/index.php?rest_route=\/wp\/v2\/pages"}],"about":[{"href":"https:\/\/blog.dottobi.de\/index.php?rest_route=\/wp\/v2\/types\/page"}],"author":[{"embeddable":true,"href":"https:\/\/blog.dottobi.de\/index.php?rest_route=\/wp\/v2\/users\/1"}],"replies":[{"embeddable":true,"href":"https:\/\/blog.dottobi.de\/index.php?rest_route=%2Fwp%2Fv2%2Fcomments&post=12188"}],"version-history":[{"count":21,"href":"https:\/\/blog.dottobi.de\/index.php?rest_route=\/wp\/v2\/pages\/12188\/revisions"}],"predecessor-version":[{"id":12637,"href":"https:\/\/blog.dottobi.de\/index.php?rest_route=\/wp\/v2\/pages\/12188\/revisions\/12637"}],"wp:attachment":[{"href":"https:\/\/blog.dottobi.de\/index.php?rest_route=%2Fwp%2Fv2%2Fmedia&parent=12188"}],"curies":[{"name":"wp","href":"https:\/\/api.w.org\/{rel}","templated":true}]}}