{"id":12354,"date":"2014-08-17T21:01:37","date_gmt":"2014-08-17T19:01:37","guid":{"rendered":"http:\/\/www.dottobi.de\/blog\/?page_id=12354"},"modified":"2020-01-01T15:52:20","modified_gmt":"2020-01-01T14:52:20","slug":"daenemark","status":"publish","type":"page","link":"https:\/\/blog.dottobi.de\/?page_id=12354","title":{"rendered":"D\u00e4nemark"},"content":{"rendered":"<p><strong>Wieso gibt es hier eine &#8222;D\u00e4nemark&#8220;-Seite ?<\/strong><\/p>\n<div id=\"attachment_12371\" style=\"width: 310px\" class=\"wp-caption alignleft\"><a href=\"https:\/\/blog.dottobi.de\/wp-content\/uploads\/2014\/08\/DSC05623_.jpg\"><img loading=\"lazy\" decoding=\"async\" aria-describedby=\"caption-attachment-12371\" class=\"wp-image-12371 size-medium\" src=\"https:\/\/blog.dottobi.de\/wp-content\/uploads\/2014\/08\/DSC05623_-300x225.jpg\" alt=\"DSC05623_\" width=\"300\" height=\"225\" srcset=\"https:\/\/blog.dottobi.de\/wp-content\/uploads\/2014\/08\/DSC05623_-300x225.jpg 300w, https:\/\/blog.dottobi.de\/wp-content\/uploads\/2014\/08\/DSC05623_.jpg 1024w\" sizes=\"auto, (max-width: 300px) 100vw, 300px\" \/><\/a><p id=\"caption-attachment-12371\" class=\"wp-caption-text\">(c) DotTobi.de<\/p><\/div>\n<p>D\u00e4nemark, besonders der K\u00fcstenbereich an der <strong>Nordsee<\/strong>, ist der Ort, der mir \u00fcber viele Jahre hinweg immer wieder gut gefallen hat und auch immer noch gef\u00e4llt.<\/p>\n<p>Ein gemietetes <strong>Ferienhaus<\/strong> ist ein wunderbares Zuhause, m\u00f6glichst nur wenige Meter vom Strand entfernt, in der D\u00fcnenlandschaft.<\/p>\n<p>In diversen Gebieten bzw. nahe St\u00e4dtchen habe ich \u00fcber viele Jahre immer wieder Urlaub gemacht. Hier ein Auszug : <strong>S\u00f6ndervig, Fjaltring, Blavand, Albaek<\/strong>. Ausfl\u00fcge gab es z.B. nach <strong>Ringk\u00f6bing, Hvide Sande, Billund, Skiveren, Esbjerg<\/strong>.<\/p>\n<p>Besonders ist Skagen, und die n\u00f6rdlichste Spitze des Landes (Grenen), an der sich die Wellen aus Nord- und Ostsee treffen.<\/p>\n<p>Da mich gr\u00f6\u00dfere St\u00e4dte bisher nicht interessiert haben, war ich nie auf den Inseln in der Ostsee, mit den St\u00e4dten Kopenhagen oder Odense (Seeland &amp; F\u00fcnen). Reizvoll w\u00e4re jedoch, die <strong>\u00d6resund<\/strong>-Br\u00fccke zu befahren (nach Schweden) (<a href=\"http:\/\/de.wikipedia.org\/wiki\/%C3%96resundbr%C3%BCcke\" target=\"_blank\" rel=\"noopener noreferrer\">wiki<\/a>).<\/p>\n<p>Gebiete und Str\u00e4nde an der Nordsee gefallen mir am Besten. Hier gibt es mehr Wind, h\u00f6here Wellen, einen gr\u00f6\u00dferen Tidenhub und jeden Tag ein anderes Wetter.<\/p>\n<p>Das weite und flache Land, auf dem man meist nur selten viele Menschen am selben Ort antrifft, steigert das Ruhe- und damit das Urlaubsgef\u00fchl.<\/p>\n<div id=\"attachment_12365\" style=\"width: 310px\" class=\"wp-caption alignright\"><a href=\"https:\/\/blog.dottobi.de\/wp-content\/uploads\/2014\/08\/DSC05454_.jpg\"><img loading=\"lazy\" decoding=\"async\" aria-describedby=\"caption-attachment-12365\" class=\"wp-image-12365 size-medium\" src=\"https:\/\/blog.dottobi.de\/wp-content\/uploads\/2014\/08\/DSC05454_-300x225.jpg\" alt=\"DSC05454_\" width=\"300\" height=\"225\" srcset=\"https:\/\/blog.dottobi.de\/wp-content\/uploads\/2014\/08\/DSC05454_-300x225.jpg 300w, https:\/\/blog.dottobi.de\/wp-content\/uploads\/2014\/08\/DSC05454_.jpg 1024w\" sizes=\"auto, (max-width: 300px) 100vw, 300px\" \/><\/a><p id=\"caption-attachment-12365\" class=\"wp-caption-text\">(c) DotTobi.de<\/p><\/div>\n<p>Flach ? Die h\u00f6chste nat\u00fcrliche Erhebung betr\u00e4gt nur 171 m. Andererseits gibt es \u00fcber 7000 km K\u00fcste.<\/p>\n<p>Das Klima ? Perfekt. Die Durchschnittstemperatur liegt an der Nordsee, \u00fcber den Sommer hinweg, bei max. 20\u00b0C. Und der Regen tritt nur selten lang und in gro\u00dfen Mengen auf.<\/p>\n<p>Leider hat D\u00e4nemark nicht den EURO eingef\u00fchrt. Somit bleibt das l\u00e4stige Geld-Wechseln bestehen. Ebenso unver\u00e4ndert gilt D\u00e4nemark als ein relativ teures Urlaubsland.<\/p>\n<p>Allgemeine Info : <a href=\"http:\/\/de.wikipedia.org\/wiki\/D%C3%A4nemark\" target=\"_blank\" rel=\"noopener noreferrer\">Wikipedia<\/a>, <a href=\"http:\/\/www.visitdenmark.de\/\" target=\"_blank\" rel=\"noopener noreferrer\">off. D\u00e4nemark-Tourismus-Seite<\/a>, <a href=\"http:\/\/instagram.com\/govisitdenmark\" target=\"_blank\" rel=\"noopener noreferrer\">Impressionen1<\/a>, <a href=\"https:\/\/www.instagram.com\/welovedenmark\/\" target=\"_blank\" rel=\"noopener noreferrer\">Impressionen2<\/a><\/p>\n<p><strong>Eigene Bilder (2019)<\/strong><\/p>\n<p><a href=\"https:\/\/blog.dottobi.de\/wp-content\/uploads\/2020\/01\/IMG_7107_exp.jpg\" target=\"_blank\" rel=\"attachment noopener wp-att-12906 noreferrer\"><img loading=\"lazy\" decoding=\"async\" class=\"aligncenter wp-image-12906 size-large\" src=\"https:\/\/blog.dottobi.de\/wp-content\/uploads\/2020\/01\/IMG_7107_exp-1024x683.jpg\" alt=\"\" width=\"720\" height=\"480\" srcset=\"https:\/\/blog.dottobi.de\/wp-content\/uploads\/2020\/01\/IMG_7107_exp-1024x683.jpg 1024w, https:\/\/blog.dottobi.de\/wp-content\/uploads\/2020\/01\/IMG_7107_exp-300x200.jpg 300w, https:\/\/blog.dottobi.de\/wp-content\/uploads\/2020\/01\/IMG_7107_exp-768x512.jpg 768w, https:\/\/blog.dottobi.de\/wp-content\/uploads\/2020\/01\/IMG_7107_exp-1536x1024.jpg 1536w, https:\/\/blog.dottobi.de\/wp-content\/uploads\/2020\/01\/IMG_7107_exp.jpg 2048w\" sizes=\"auto, (max-width: 720px) 100vw, 720px\" \/><\/a><\/p>\n<p><a href=\"https:\/\/blog.dottobi.de\/wp-content\/uploads\/2020\/01\/IMG_6856_exp.jpg\" target=\"_blank\" rel=\"attachment noopener wp-att-12908 noreferrer\"><img loading=\"lazy\" decoding=\"async\" class=\"aligncenter wp-image-12908 size-large\" src=\"https:\/\/blog.dottobi.de\/wp-content\/uploads\/2020\/01\/IMG_6856_exp-1024x683.jpg\" alt=\"\" width=\"720\" height=\"480\" srcset=\"https:\/\/blog.dottobi.de\/wp-content\/uploads\/2020\/01\/IMG_6856_exp-1024x683.jpg 1024w, https:\/\/blog.dottobi.de\/wp-content\/uploads\/2020\/01\/IMG_6856_exp-300x200.jpg 300w, https:\/\/blog.dottobi.de\/wp-content\/uploads\/2020\/01\/IMG_6856_exp-768x512.jpg 768w, https:\/\/blog.dottobi.de\/wp-content\/uploads\/2020\/01\/IMG_6856_exp-1536x1024.jpg 1536w, https:\/\/blog.dottobi.de\/wp-content\/uploads\/2020\/01\/IMG_6856_exp.jpg 2048w\" sizes=\"auto, (max-width: 720px) 100vw, 720px\" \/><\/a><\/p>\n<p><a href=\"https:\/\/blog.dottobi.de\/wp-content\/uploads\/2020\/01\/IMG_6858_exp.jpg\" target=\"_blank\" rel=\"noopener noreferrer\"><img loading=\"lazy\" decoding=\"async\" class=\"aligncenter wp-image-12915 size-large\" src=\"https:\/\/blog.dottobi.de\/wp-content\/uploads\/2020\/01\/IMG_6858_exp-1024x683.jpg\" alt=\"\" width=\"720\" height=\"480\" srcset=\"https:\/\/blog.dottobi.de\/wp-content\/uploads\/2020\/01\/IMG_6858_exp-1024x683.jpg 1024w, https:\/\/blog.dottobi.de\/wp-content\/uploads\/2020\/01\/IMG_6858_exp-300x200.jpg 300w, https:\/\/blog.dottobi.de\/wp-content\/uploads\/2020\/01\/IMG_6858_exp-768x512.jpg 768w, https:\/\/blog.dottobi.de\/wp-content\/uploads\/2020\/01\/IMG_6858_exp-1536x1024.jpg 1536w, https:\/\/blog.dottobi.de\/wp-content\/uploads\/2020\/01\/IMG_6858_exp.jpg 2048w\" sizes=\"auto, (max-width: 720px) 100vw, 720px\" \/><\/a><\/p>\n<p><a href=\"https:\/\/blog.dottobi.de\/wp-content\/uploads\/2020\/01\/IMG_7457_exp.jpg\" target=\"_blank\" rel=\"noopener noreferrer\"><img loading=\"lazy\" decoding=\"async\" class=\"aligncenter wp-image-12917\" src=\"https:\/\/blog.dottobi.de\/wp-content\/uploads\/2020\/01\/IMG_7457_exp-683x1024.jpg\" alt=\"\" width=\"400\" height=\"600\" srcset=\"https:\/\/blog.dottobi.de\/wp-content\/uploads\/2020\/01\/IMG_7457_exp-683x1024.jpg 683w, https:\/\/blog.dottobi.de\/wp-content\/uploads\/2020\/01\/IMG_7457_exp-200x300.jpg 200w, https:\/\/blog.dottobi.de\/wp-content\/uploads\/2020\/01\/IMG_7457_exp-768x1152.jpg 768w, https:\/\/blog.dottobi.de\/wp-content\/uploads\/2020\/01\/IMG_7457_exp-1024x1536.jpg 1024w, https:\/\/blog.dottobi.de\/wp-content\/uploads\/2020\/01\/IMG_7457_exp.jpg 1365w\" sizes=\"auto, (max-width: 400px) 100vw, 400px\" \/><\/a><\/p>\n<p><a href=\"https:\/\/blog.dottobi.de\/wp-content\/uploads\/2020\/01\/IMG_7339_exp.jpg\" target=\"_blank\" rel=\"noopener noreferrer\"><img loading=\"lazy\" decoding=\"async\" class=\"aligncenter wp-image-12919 size-large\" src=\"https:\/\/blog.dottobi.de\/wp-content\/uploads\/2020\/01\/IMG_7339_exp-1024x683.jpg\" alt=\"\" width=\"720\" height=\"480\" srcset=\"https:\/\/blog.dottobi.de\/wp-content\/uploads\/2020\/01\/IMG_7339_exp-1024x683.jpg 1024w, https:\/\/blog.dottobi.de\/wp-content\/uploads\/2020\/01\/IMG_7339_exp-300x200.jpg 300w, https:\/\/blog.dottobi.de\/wp-content\/uploads\/2020\/01\/IMG_7339_exp-768x512.jpg 768w, https:\/\/blog.dottobi.de\/wp-content\/uploads\/2020\/01\/IMG_7339_exp-1536x1024.jpg 1536w, https:\/\/blog.dottobi.de\/wp-content\/uploads\/2020\/01\/IMG_7339_exp.jpg 2048w\" sizes=\"auto, (max-width: 720px) 100vw, 720px\" \/><\/a><\/p>\n<p><a href=\"https:\/\/blog.dottobi.de\/wp-content\/uploads\/2020\/01\/IMG_7299_exp.jpg\" target=\"_blank\" rel=\"noopener noreferrer\"><img loading=\"lazy\" decoding=\"async\" class=\"aligncenter wp-image-12921 size-large\" src=\"https:\/\/blog.dottobi.de\/wp-content\/uploads\/2020\/01\/IMG_7299_exp-1024x683.jpg\" alt=\"\" width=\"720\" height=\"480\" srcset=\"https:\/\/blog.dottobi.de\/wp-content\/uploads\/2020\/01\/IMG_7299_exp-1024x683.jpg 1024w, https:\/\/blog.dottobi.de\/wp-content\/uploads\/2020\/01\/IMG_7299_exp-300x200.jpg 300w, https:\/\/blog.dottobi.de\/wp-content\/uploads\/2020\/01\/IMG_7299_exp-768x512.jpg 768w, https:\/\/blog.dottobi.de\/wp-content\/uploads\/2020\/01\/IMG_7299_exp-1536x1024.jpg 1536w, https:\/\/blog.dottobi.de\/wp-content\/uploads\/2020\/01\/IMG_7299_exp.jpg 2048w\" sizes=\"auto, (max-width: 720px) 100vw, 720px\" \/><\/a> <a href=\"https:\/\/blog.dottobi.de\/wp-content\/uploads\/2020\/01\/IMG_7333_exp.jpg\" target=\"_blank\" rel=\"noopener noreferrer\"><img loading=\"lazy\" decoding=\"async\" class=\"aligncenter wp-image-12924 size-large\" src=\"https:\/\/blog.dottobi.de\/wp-content\/uploads\/2020\/01\/IMG_7333_exp-1024x683.jpg\" alt=\"\" width=\"720\" height=\"480\" srcset=\"https:\/\/blog.dottobi.de\/wp-content\/uploads\/2020\/01\/IMG_7333_exp-1024x683.jpg 1024w, https:\/\/blog.dottobi.de\/wp-content\/uploads\/2020\/01\/IMG_7333_exp-300x200.jpg 300w, https:\/\/blog.dottobi.de\/wp-content\/uploads\/2020\/01\/IMG_7333_exp-768x512.jpg 768w, https:\/\/blog.dottobi.de\/wp-content\/uploads\/2020\/01\/IMG_7333_exp-1536x1024.jpg 1536w, https:\/\/blog.dottobi.de\/wp-content\/uploads\/2020\/01\/IMG_7333_exp.jpg 2048w\" sizes=\"auto, (max-width: 720px) 100vw, 720px\" \/><\/a><\/p>\n<p><a href=\"https:\/\/blog.dottobi.de\/wp-content\/uploads\/2020\/01\/IMG_7266_exp.jpg\" target=\"_blank\" rel=\"noopener noreferrer\"><img loading=\"lazy\" decoding=\"async\" class=\"aligncenter wp-image-12926 size-large\" src=\"https:\/\/blog.dottobi.de\/wp-content\/uploads\/2020\/01\/IMG_7266_exp-1024x683.jpg\" alt=\"\" width=\"720\" height=\"480\" srcset=\"https:\/\/blog.dottobi.de\/wp-content\/uploads\/2020\/01\/IMG_7266_exp-1024x683.jpg 1024w, https:\/\/blog.dottobi.de\/wp-content\/uploads\/2020\/01\/IMG_7266_exp-300x200.jpg 300w, https:\/\/blog.dottobi.de\/wp-content\/uploads\/2020\/01\/IMG_7266_exp-768x512.jpg 768w, https:\/\/blog.dottobi.de\/wp-content\/uploads\/2020\/01\/IMG_7266_exp-1536x1024.jpg 1536w, https:\/\/blog.dottobi.de\/wp-content\/uploads\/2020\/01\/IMG_7266_exp.jpg 2048w\" sizes=\"auto, (max-width: 720px) 100vw, 720px\" \/><\/a><\/p>\n<p><a href=\"https:\/\/blog.dottobi.de\/wp-content\/uploads\/2020\/01\/IMG_7272_exp.jpg\" target=\"_blank\" rel=\"noopener noreferrer\"><img loading=\"lazy\" decoding=\"async\" class=\"aligncenter wp-image-12928 size-large\" src=\"https:\/\/blog.dottobi.de\/wp-content\/uploads\/2020\/01\/IMG_7272_exp-1024x683.jpg\" alt=\"\" width=\"720\" height=\"480\" srcset=\"https:\/\/blog.dottobi.de\/wp-content\/uploads\/2020\/01\/IMG_7272_exp-1024x683.jpg 1024w, https:\/\/blog.dottobi.de\/wp-content\/uploads\/2020\/01\/IMG_7272_exp-300x200.jpg 300w, https:\/\/blog.dottobi.de\/wp-content\/uploads\/2020\/01\/IMG_7272_exp-768x512.jpg 768w, https:\/\/blog.dottobi.de\/wp-content\/uploads\/2020\/01\/IMG_7272_exp-1536x1024.jpg 1536w, https:\/\/blog.dottobi.de\/wp-content\/uploads\/2020\/01\/IMG_7272_exp.jpg 2048w\" sizes=\"auto, (max-width: 720px) 100vw, 720px\" \/><\/a><\/p>\n<p><a href=\"https:\/\/blog.dottobi.de\/wp-content\/uploads\/2020\/01\/IMG_7276_exp.jpg\" target=\"_blank\" rel=\"noopener noreferrer\"><img loading=\"lazy\" decoding=\"async\" class=\"aligncenter wp-image-12929 size-large\" src=\"https:\/\/blog.dottobi.de\/wp-content\/uploads\/2020\/01\/IMG_7276_exp-1024x683.jpg\" alt=\"\" width=\"720\" height=\"480\" srcset=\"https:\/\/blog.dottobi.de\/wp-content\/uploads\/2020\/01\/IMG_7276_exp-1024x683.jpg 1024w, https:\/\/blog.dottobi.de\/wp-content\/uploads\/2020\/01\/IMG_7276_exp-300x200.jpg 300w, https:\/\/blog.dottobi.de\/wp-content\/uploads\/2020\/01\/IMG_7276_exp-768x512.jpg 768w, https:\/\/blog.dottobi.de\/wp-content\/uploads\/2020\/01\/IMG_7276_exp-1536x1024.jpg 1536w, https:\/\/blog.dottobi.de\/wp-content\/uploads\/2020\/01\/IMG_7276_exp.jpg 2048w\" sizes=\"auto, (max-width: 720px) 100vw, 720px\" \/><\/a><\/p>\n<hr \/>\n<p><strong>Eigene Bilder (2009)<\/strong><\/p>\n<p><a href=\"https:\/\/blog.dottobi.de\/wp-content\/uploads\/2014\/08\/DSC05623_.jpg\"><img loading=\"lazy\" decoding=\"async\" class=\"aligncenter wp-image-12371\" src=\"https:\/\/blog.dottobi.de\/wp-content\/uploads\/2014\/08\/DSC05623_-300x225.jpg\" alt=\"DSC05623_\" width=\"600\" height=\"450\" srcset=\"https:\/\/blog.dottobi.de\/wp-content\/uploads\/2014\/08\/DSC05623_-300x225.jpg 300w, https:\/\/blog.dottobi.de\/wp-content\/uploads\/2014\/08\/DSC05623_.jpg 1024w\" sizes=\"auto, (max-width: 600px) 100vw, 600px\" \/><\/a><\/p>\n<p><a href=\"https:\/\/blog.dottobi.de\/wp-content\/uploads\/2014\/08\/DSC05653_.jpg\" target=\"_blank\" rel=\"noopener noreferrer\"><img loading=\"lazy\" decoding=\"async\" class=\"aligncenter wp-image-12362\" src=\"https:\/\/blog.dottobi.de\/wp-content\/uploads\/2014\/08\/DSC05653_-300x225.jpg\" alt=\"DSC05653_\" width=\"600\" height=\"450\" srcset=\"https:\/\/blog.dottobi.de\/wp-content\/uploads\/2014\/08\/DSC05653_-300x225.jpg 300w, https:\/\/blog.dottobi.de\/wp-content\/uploads\/2014\/08\/DSC05653_.jpg 1024w\" sizes=\"auto, (max-width: 600px) 100vw, 600px\" \/><\/a><\/p>\n<p><a href=\"https:\/\/blog.dottobi.de\/wp-content\/uploads\/2014\/08\/DSC05546_.jpg\" target=\"_blank\" rel=\"noopener noreferrer\"><img loading=\"lazy\" decoding=\"async\" class=\"aligncenter wp-image-12368\" src=\"https:\/\/blog.dottobi.de\/wp-content\/uploads\/2014\/08\/DSC05546_-300x225.jpg\" alt=\"DSC05546_\" width=\"600\" height=\"450\" srcset=\"https:\/\/blog.dottobi.de\/wp-content\/uploads\/2014\/08\/DSC05546_-300x225.jpg 300w, https:\/\/blog.dottobi.de\/wp-content\/uploads\/2014\/08\/DSC05546_.jpg 1024w\" sizes=\"auto, (max-width: 600px) 100vw, 600px\" \/><\/a><\/p>\n<p><a href=\"https:\/\/blog.dottobi.de\/wp-content\/uploads\/2014\/08\/DSC05567_.jpg\" target=\"_blank\" rel=\"noopener noreferrer\"><img loading=\"lazy\" decoding=\"async\" class=\"aligncenter wp-image-12366\" src=\"https:\/\/blog.dottobi.de\/wp-content\/uploads\/2014\/08\/DSC05567_-300x225.jpg\" alt=\"DSC05567_\" width=\"600\" height=\"450\" srcset=\"https:\/\/blog.dottobi.de\/wp-content\/uploads\/2014\/08\/DSC05567_-300x225.jpg 300w, https:\/\/blog.dottobi.de\/wp-content\/uploads\/2014\/08\/DSC05567_.jpg 1024w\" sizes=\"auto, (max-width: 600px) 100vw, 600px\" \/><\/a><\/p>\n<p><a href=\"https:\/\/blog.dottobi.de\/wp-content\/uploads\/2014\/08\/DSC05437_.jpg\"><img loading=\"lazy\" decoding=\"async\" class=\"aligncenter wp-image-12374\" src=\"https:\/\/blog.dottobi.de\/wp-content\/uploads\/2014\/08\/DSC05437_-300x225.jpg\" alt=\"DSC05437_\" width=\"600\" height=\"450\" srcset=\"https:\/\/blog.dottobi.de\/wp-content\/uploads\/2014\/08\/DSC05437_-300x225.jpg 300w, https:\/\/blog.dottobi.de\/wp-content\/uploads\/2014\/08\/DSC05437_.jpg 1024w\" sizes=\"auto, (max-width: 600px) 100vw, 600px\" \/><\/a><\/p>\n<p><a href=\"https:\/\/blog.dottobi.de\/wp-content\/uploads\/2014\/08\/DSC05508_.jpg\"><img loading=\"lazy\" decoding=\"async\" class=\"aligncenter wp-image-12373\" src=\"https:\/\/blog.dottobi.de\/wp-content\/uploads\/2014\/08\/DSC05508_-245x300.jpg\" alt=\"DSC05508_\" width=\"490\" height=\"600\" srcset=\"https:\/\/blog.dottobi.de\/wp-content\/uploads\/2014\/08\/DSC05508_-245x300.jpg 245w, https:\/\/blog.dottobi.de\/wp-content\/uploads\/2014\/08\/DSC05508_.jpg 768w\" sizes=\"auto, (max-width: 490px) 100vw, 490px\" \/><\/a><\/p>\n<p><a href=\"https:\/\/blog.dottobi.de\/wp-content\/uploads\/2014\/08\/DSC05587_.jpg\"><img loading=\"lazy\" decoding=\"async\" class=\"aligncenter wp-image-12369\" src=\"https:\/\/blog.dottobi.de\/wp-content\/uploads\/2014\/08\/DSC05587_-300x225.jpg\" alt=\"DSC05587_\" width=\"600\" height=\"450\" srcset=\"https:\/\/blog.dottobi.de\/wp-content\/uploads\/2014\/08\/DSC05587_-300x225.jpg 300w, https:\/\/blog.dottobi.de\/wp-content\/uploads\/2014\/08\/DSC05587_.jpg 1024w\" sizes=\"auto, (max-width: 600px) 100vw, 600px\" \/><\/a><\/p>\n<p><a href=\"https:\/\/blog.dottobi.de\/wp-content\/uploads\/2014\/08\/DSC05703_.jpg\" target=\"_blank\" rel=\"noopener noreferrer\"><img loading=\"lazy\" decoding=\"async\" class=\"aligncenter wp-image-12361\" src=\"https:\/\/blog.dottobi.de\/wp-content\/uploads\/2014\/08\/DSC05703_-300x225.jpg\" alt=\"DSC05703_\" width=\"600\" height=\"450\" srcset=\"https:\/\/blog.dottobi.de\/wp-content\/uploads\/2014\/08\/DSC05703_-300x225.jpg 300w, https:\/\/blog.dottobi.de\/wp-content\/uploads\/2014\/08\/DSC05703_.jpg 1024w\" sizes=\"auto, (max-width: 600px) 100vw, 600px\" \/><\/a><\/p>\n<p><a href=\"https:\/\/blog.dottobi.de\/wp-content\/uploads\/2014\/08\/DSC05542_.jpg\" target=\"_blank\" rel=\"noopener noreferrer\"><img loading=\"lazy\" decoding=\"async\" class=\"aligncenter wp-image-12367\" src=\"https:\/\/blog.dottobi.de\/wp-content\/uploads\/2014\/08\/DSC05542_-225x300.jpg\" alt=\"DSC05542_\" width=\"450\" height=\"600\" srcset=\"https:\/\/blog.dottobi.de\/wp-content\/uploads\/2014\/08\/DSC05542_-225x300.jpg 225w, https:\/\/blog.dottobi.de\/wp-content\/uploads\/2014\/08\/DSC05542_.jpg 768w\" sizes=\"auto, (max-width: 450px) 100vw, 450px\" \/><\/a><\/p>\n<p><a href=\"https:\/\/blog.dottobi.de\/wp-content\/uploads\/2014\/08\/DSC05630_.jpg\"><img loading=\"lazy\" decoding=\"async\" class=\"aligncenter wp-image-12375\" src=\"https:\/\/blog.dottobi.de\/wp-content\/uploads\/2014\/08\/DSC05630_-300x225.jpg\" alt=\"DSC05630_\" width=\"600\" height=\"450\" srcset=\"https:\/\/blog.dottobi.de\/wp-content\/uploads\/2014\/08\/DSC05630_-300x225.jpg 300w, https:\/\/blog.dottobi.de\/wp-content\/uploads\/2014\/08\/DSC05630_.jpg 1024w\" sizes=\"auto, (max-width: 600px) 100vw, 600px\" \/><\/a><\/p>\n","protected":false},"excerpt":{"rendered":"<p>Wieso gibt es hier eine &#8222;D\u00e4nemark&#8220;-Seite ? D\u00e4nemark, besonders der K\u00fcstenbereich an der Nordsee, ist der Ort, der mir \u00fcber viele Jahre hinweg immer wieder gut gefallen hat und auch immer noch gef\u00e4llt. Ein gemietetes Ferienhaus ist ein wunderbares Zuhause, m\u00f6glichst nur wenige Meter vom Strand entfernt, in der D\u00fcnenlandschaft. In diversen Gebieten bzw. nahe [&hellip;]<\/p>\n","protected":false},"author":1,"featured_media":0,"parent":0,"menu_order":320,"comment_status":"open","ping_status":"open","template":"","meta":{"footnotes":""},"class_list":["post-12354","page","type-page","status-publish","hentry"],"_links":{"self":[{"href":"https:\/\/blog.dottobi.de\/index.php?rest_route=\/wp\/v2\/pages\/12354","targetHints":{"allow":["GET"]}}],"collection":[{"href":"https:\/\/blog.dottobi.de\/index.php?rest_route=\/wp\/v2\/pages"}],"about":[{"href":"https:\/\/blog.dottobi.de\/index.php?rest_route=\/wp\/v2\/types\/page"}],"author":[{"embeddable":true,"href":"https:\/\/blog.dottobi.de\/index.php?rest_route=\/wp\/v2\/users\/1"}],"replies":[{"embeddable":true,"href":"https:\/\/blog.dottobi.de\/index.php?rest_route=%2Fwp%2Fv2%2Fcomments&post=12354"}],"version-history":[{"count":35,"href":"https:\/\/blog.dottobi.de\/index.php?rest_route=\/wp\/v2\/pages\/12354\/revisions"}],"predecessor-version":[{"id":12930,"href":"https:\/\/blog.dottobi.de\/index.php?rest_route=\/wp\/v2\/pages\/12354\/revisions\/12930"}],"wp:attachment":[{"href":"https:\/\/blog.dottobi.de\/index.php?rest_route=%2Fwp%2Fv2%2Fmedia&parent=12354"}],"curies":[{"name":"wp","href":"https:\/\/api.w.org\/{rel}","templated":true}]}}