{"id":12534,"date":"2016-03-20T21:27:04","date_gmt":"2016-03-20T20:27:04","guid":{"rendered":"http:\/\/www.dottobi.de\/blog\/?page_id=12534"},"modified":"2017-03-25T18:38:37","modified_gmt":"2017-03-25T17:38:37","slug":"sommerzeit-muss-weg","status":"publish","type":"page","link":"https:\/\/blog.dottobi.de\/?page_id=12534","title":{"rendered":"Sommerzeit muss weg!"},"content":{"rendered":"<p><strong>Das Relikt &#8222;Sommerzeit&#8220; muss ein Ende finden ! Vorallem muss die Zeitumstellung 2x im Jahr endlich eingestellt werden !<\/strong><\/p>\n<p>&#8222;Daylight Saving Time (<a href=\"https:\/\/en.wikipedia.org\/wiki\/Daylight_saving_time\" target=\"_blank\">DST<\/a>)&#8220;, die Bezeichnung aus dem englischen Sprachraum f\u00fcr die Zeitumstellung w\u00e4hrend den Sommermonaten, ist \u00fcberholt. Denn es ist erwiesen, dass die <a href=\"http:\/\/www.zeitumstellung.de\/warum-sommerzeit-winterzeit.html\" target=\"_blank\">Zeitumstellung<\/a> nicht zum Einsparen von Energie f\u00fchrt. Im Gegenteil, es wird meist mehr Energie verbraucht, da vorallem in den k\u00e4lteren Monaten (M\u00e4rz, April, Oktober) morgens geheizt werden muss. Bei l\u00e4ngeren abendlichen Freizeitaktivit\u00e4ten wird zudem mehr Strom verbraucht.<br \/>\nEbenso ist erwiesen, dass Zeitumstellungen Mensch und Tier teilweise \u00fcber Wochen u. Monate hinweg belasten, der Biorhythmus wird 2x im Jahr\u00a0aus dem Gleichgewicht geworfen. Der Gang der inneren Uhr passt nicht zur Sommerzeit.<\/p>\n<p>Die Zeitumstellung wird nur <a href=\"http:\/\/www.wissenschaft.de\/home\/-\/journal_content\/56\/12054\/1625170\" target=\"_blank\">&#8222;aus Tr\u00e4gheit beibehalten&#8220;<\/a>. <strong>Tr\u00e4gheit<\/strong> der Regierung, Tr\u00e4gheit der Politik und vorallem <a href=\"http:\/\/www.heise.de\/tp\/artikel\/47\/47848\/1.html\" target=\"_blank\">Tr\u00e4gheit der EU<\/a>. Das darf nicht sein !<\/p>\n<p>Viele Menschen interpretieren die &#8222;Abschaffung der Sommerzeit&#8220; mit der\u00a0&#8222;Einf\u00fchrung einer Winterzeit&#8220;. Das ist komplett falsch, denn eine &#8222;Winterzeit&#8220; gibt es nicht ! Die Zeit, in der unsere Uhren nicht verstellt sind, hei\u00dft <strong>&#8222;Normalzeit&#8220;<\/strong>.\u00a0Die Normalzeit entspricht am besten dem nat\u00fcrlichen Tag-Nacht-Wechsel im Jahresverlauf.<\/p>\n<p>Die \u00dcberlegung, komplett auf Sommerzeit zu wechseln, also quasi eine &#8222;dauerhafte&#8220; Zeitumstellung, wird sehr gerne diskutiert. Es ist jedoch nicht erwiesen,\u00a0dass eine konstante Sommerzeit mehr Vorteile als Nachteile bringen w\u00fcrde.<\/p>\n<p>Interessant hierzu, in Russland wurde die Zeitumstellung abgeschafft.\u00a0Es wurde final auf Sommerzeit gewechselt. Es zeigte sich jedoch, dass sich in den Morgenstunden<br \/>\nUnf\u00e4lle h\u00e4uften. Es folgte eine &#8222;weitere finale&#8220; Zeitumstellung, damit ist Russland nun zur\u00fcck\u00a0auf der Normalzeit. Dauerhaft.<\/p>\n<p>Die Sommerzeit, aber vorallem die Zeitumstellung, muss abgeschafft werden. Davon w\u00fcrde die <strong>klare Mehrheit\u00a0<\/strong><strong>der Menschen profitieren<\/strong> (bezogen auf den Rhythmus der <a href=\"http:\/\/www.heise.de\/tp\/artikel\/47\/47848\/1.html\" target=\"_blank\">inneren Uhr<\/a>; &#8222;Chronotyp&#8220;).\u00a0Nachzulesen <a href=\"http:\/\/www.wissenschaft.de\/home\/-\/journal_content\/56\/12054\/1625170\" target=\"_blank\">hier<\/a>. Und hier : <a href=\"https:\/\/de.statista.com\/infografik\/4545\/zeit-fuer-zeitumstellung\/\" target=\"_blank\">74% der Deutschen<\/a> finden die Zeitumstellung \u00fcberfl\u00fcssig.<\/p>\n<p>Eine aktuelle Forsa-Umfrage best\u00e4tigt dies ebenfalls (<a href=\"https:\/\/www.dak.de\/dak\/service_und_downloads\/Zeitumstellung_fuehrt_zu_Mini-Jetlag-1599258.html\" target=\"_blank\">dak.de<\/a>)<\/p>\n<p>Inzwischen ist auch eine Mehrheit der Deutschen und der EU-B\u00fcrger daf\u00fcr,\u00a0dass die Zeitumstellung endlich aufh\u00f6ren muss.\u00a0Welcher Politiker bringt einen entspr. Antrag im Parlament und bei der EU ein ? <em>edit:<\/em> Ah, hier ist <a href=\"http:\/\/www.spiegel.de\/politik\/deutschland\/zeitumstellung-auf-sommerzeit-eu-kommission-gegen-reform-a-1026007.html\" target=\"_blank\">einer<\/a>. Welche Partei hat die Abschaffung der Sommerzeit im Wahlprogramm ? Schon 2005 wurde offiziell festgehalten, dass die Zeitumstellung keinen Nutzen hat. Dennoch wird an der Zeitumstellung festgehalten, bis sich die Mitgliedstaaten der EU auf eine gemeinsame Entscheidung festlegen. Jetzt ist 2016, und nichts ist passiert &#8230;<\/p>\n<p>Offensichtlich\u00a0ist der parlamentarische <a href=\"http:\/\/www.heise.de\/tp\/artikel\/47\/47848\/1.html\" target=\"_blank\">Diskussionapparat<\/a> viel zu tr\u00e4ge geworden. Und Fehler zugeben und korrigieren ist ja bekanntlich keine Tugend von Politikern.<\/p>\n<p><strong>Die Sommerzeit ist weltweit auf dem R\u00fcckzug<\/strong><br \/>\n(blau: Sommerzeit benutzt \/ orange: Sommerzeit nicht mehr benutzt \/ rot: Sommerzeit nie benutzt)<\/p>\n<p><a href=\"https:\/\/commons.wikimedia.org\/wiki\/File%3ADaylightSaving-World-Subdivisions.png\"><img loading=\"lazy\" decoding=\"async\" class=\"aligncenter\" src=\"https:\/\/upload.wikimedia.org\/wikipedia\/commons\/2\/29\/DaylightSaving-World-Subdivisions.png\" alt=\"By Paul Eggert [GFDL (http:\/\/www.gnu.org\/copyleft\/fdl.html) or CC-BY-SA-3.0 (http:\/\/creativecommons.org\/licenses\/by-sa\/3.0\/)], via Wikimedia Commons\" width=\"1427\" height=\"628\" \/><\/a><\/p>\n<p>&nbsp;<\/p>\n<p><strong>Linksammlung :<\/strong><\/p>\n<p>&#8211; umfangreicher Ratgeber von techfacts.de und Hubertus Hilgers : <a href=\"http:\/\/www.toptarif.de\/wissen\/zeitumstellung\/\" target=\"_blank\">toptarif.de<\/a><br \/>\n&#8211; Aktuelle L\u00e4nderstatistiken :\u00a0<a href=\"http:\/\/www.timeanddate.com\/time\/dst\/statistics.html\" target=\"_blank\">TimeAndDate.com<\/a><br \/>\n&#8211; In Bayern ticken die Uhren ganz anders (-&gt; CSU) : <a href=\"http:\/\/www.welt.de\/politik\/deutschland\/article126042453\/Aigners-ahnungsloser-Kampf-gegen-Zeitumstellung.html\" target=\"_blank\">welt.de<\/a><br \/>\n&#8211; Organisierte Sommerzeit-Gegner : <a href=\"http:\/\/www.initiative-zur-abschaffung-der-sommerzeit.de\/\" target=\"_blank\">www.initiative-zur-abschaffung-der- sommerzeit.de<\/a><br \/>\n&#8211; Medizinische Erkl\u00e4rung und Tipps : <a href=\"http:\/\/www.medizinfo.de\/kopfundseele\/schlafen\/sommerzeit.shtml\" target=\"_blank\">www.medizinfo.de<\/a><br \/>\n&#8211; Sommerzeit ist auf dem R\u00fcckzug (weltweit) : <a href=\"http:\/\/www.heise.de\/tp\/news\/Sommerzeit-auf-dem-Rueckzug-2151847.html\" target=\"_blank\">telepolis.de<\/a><br \/>\n&#8211; Zeitumstellung ist \u00fcberfl\u00fcssig : <a href=\"https:\/\/de.statista.com\/infografik\/4545\/zeit-fuer-zeitumstellung\/\" target=\"_blank\">statista.com<\/a><br \/>\n&#8211; EU-Politiker Herbert Reul k\u00e4mpft gegen die Zeitumstellung : <a href=\"http:\/\/www.welt.de\/wirtschaft\/article153678256\/Dieser-Politiker-kaempft-gegen-die-Sommerzeit.html\" target=\"_blank\">www.welt.de<\/a><br \/>\n&#8211; Gegen die innere Uhr : <a href=\"http:\/\/www.zeit.de\/2017\/12\/zeitumstellung-gesundheit-auswirkung-forschung\/komplettansicht\" target=\"_blank\">www.zeit.de<\/a><br \/>\n&#8211; Sommerzeit : <a href=\"http:\/\/www.heise.de\/tp\/artikel\/47\/47848\/1.html\" target=\"_blank\">&#8222;Ein Lehrst\u00fcck in repr\u00e4sentativ-demokratischer Realit\u00e4t&#8220;<\/a><\/p>\n<p>Sehenswert, das folgende <strong>Video<\/strong>. Die Abhandlung von John Oliver (US-Comedian, <a href=\"https:\/\/en.wikipedia.org\/wiki\/John_Oliver_(comedian)\" target=\"_blank\">&#8222;Last Week Tonight&#8220;<\/a>) zur\u00a0Abschaffung der Sommerzeit : &#8222;How is this still a thing ?&#8220;<\/p>\n<p><iframe loading=\"lazy\" hcb-fetch-image-from=\"https:\/\/www.youtube.com\/watch?v=br0NW9ufUUw\" title=\"Daylight Saving Time - How Is This Still A Thing?: Last Week Tonight with John Oliver (HBO)\" width=\"720\" height=\"405\" src=\"https:\/\/www.youtube.com\/embed\/br0NW9ufUUw?feature=oembed\" frameborder=\"0\" allow=\"accelerometer; autoplay; clipboard-write; encrypted-media; gyroscope; picture-in-picture; web-share\" allowfullscreen><\/iframe><\/p>\n","protected":false},"excerpt":{"rendered":"<p>Das Relikt &#8222;Sommerzeit&#8220; muss ein Ende finden ! Vorallem muss die Zeitumstellung 2x im Jahr endlich eingestellt werden ! &#8222;Daylight Saving Time (DST)&#8220;, die Bezeichnung aus dem englischen Sprachraum f\u00fcr die Zeitumstellung w\u00e4hrend den Sommermonaten, ist \u00fcberholt. Denn es ist erwiesen, dass die Zeitumstellung nicht zum Einsparen von Energie f\u00fchrt. Im Gegenteil, es wird meist [&hellip;]<\/p>\n","protected":false},"author":1,"featured_media":0,"parent":0,"menu_order":0,"comment_status":"open","ping_status":"open","template":"","meta":{"footnotes":""},"class_list":["post-12534","page","type-page","status-publish","hentry"],"_links":{"self":[{"href":"https:\/\/blog.dottobi.de\/index.php?rest_route=\/wp\/v2\/pages\/12534","targetHints":{"allow":["GET"]}}],"collection":[{"href":"https:\/\/blog.dottobi.de\/index.php?rest_route=\/wp\/v2\/pages"}],"about":[{"href":"https:\/\/blog.dottobi.de\/index.php?rest_route=\/wp\/v2\/types\/page"}],"author":[{"embeddable":true,"href":"https:\/\/blog.dottobi.de\/index.php?rest_route=\/wp\/v2\/users\/1"}],"replies":[{"embeddable":true,"href":"https:\/\/blog.dottobi.de\/index.php?rest_route=%2Fwp%2Fv2%2Fcomments&post=12534"}],"version-history":[{"count":19,"href":"https:\/\/blog.dottobi.de\/index.php?rest_route=\/wp\/v2\/pages\/12534\/revisions"}],"predecessor-version":[{"id":44827,"href":"https:\/\/blog.dottobi.de\/index.php?rest_route=\/wp\/v2\/pages\/12534\/revisions\/44827"}],"wp:attachment":[{"href":"https:\/\/blog.dottobi.de\/index.php?rest_route=%2Fwp%2Fv2%2Fmedia&parent=12534"}],"curies":[{"name":"wp","href":"https:\/\/api.w.org\/{rel}","templated":true}]}}